{"id":704,"date":"2020-09-07T23:29:29","date_gmt":"2020-09-07T23:29:29","guid":{"rendered":"http:\/\/www.trasdemar.com\/home\/?page_id=704"},"modified":"2020-09-23T21:35:44","modified_gmt":"2020-09-23T21:35:44","slug":"telemaco","status":"publish","type":"page","link":"https:\/\/www.trasdemar.com\/home\/telemaco\/","title":{"rendered":"Tel\u00e9maco"},"content":{"rendered":"\t\t<div data-elementor-type=\"wp-page\" data-elementor-id=\"704\" class=\"elementor elementor-704\" data-elementor-settings=\"[]\">\n\t\t\t\t\t\t<div class=\"elementor-inner\">\n\t\t\t\t\t\t\t<div class=\"elementor-section-wrap\">\n\t\t\t\t\t\t\t<section class=\"elementor-section elementor-top-section elementor-element elementor-element-f424b21 elementor-section-boxed elementor-section-height-default elementor-section-height-default ct-columns-alignment-fix\" data-id=\"f424b21\" data-element_type=\"section\">\n\t\t\t\t\t\t<div class=\"elementor-container elementor-column-gap-default\">\n\t\t\t\t\t\t\t<div class=\"elementor-row\">\n\t\t\t\t\t<div class=\"elementor-column elementor-col-100 elementor-top-column elementor-element elementor-element-7e5ba43\" data-id=\"7e5ba43\" data-element_type=\"column\">\n\t\t\t<div class=\"elementor-column-wrap elementor-element-populated\">\n\t\t\t\t\t\t\t<div class=\"elementor-widget-wrap\">\n\t\t\t\t\t\t<div class=\"elementor-element elementor-element-167f2b7 elementor-widget elementor-widget-image\" data-id=\"167f2b7\" data-element_type=\"widget\" data-widget_type=\"image.default\">\n\t\t\t\t<div class=\"elementor-widget-container\">\n\t\t\t\t\t<div class=\"elementor-image\">\n\t\t\t\t\t\t\t\t\t\t<img width=\"652\" height=\"898\" src=\"https:\/\/www.trasdemar.com\/home\/wp-content\/uploads\/2020\/09\/Tele\u0301maco.jpg\" class=\"attachment-large size-large\" alt=\"\" loading=\"lazy\" srcset=\"https:\/\/www.trasdemar.com\/home\/wp-content\/uploads\/2020\/09\/Tele\u0301maco.jpg 652w, https:\/\/www.trasdemar.com\/home\/wp-content\/uploads\/2020\/09\/Tele\u0301maco-218x300.jpg 218w\" sizes=\"(max-width: 652px) 100vw, 652px\" \/>\t\t\t\t\t\t\t\t\t\t\t<\/div>\n\t\t\t\t<\/div>\n\t\t\t\t<\/div>\n\t\t\t\t\t\t<\/div>\n\t\t\t\t\t<\/div>\n\t\t<\/div>\n\t\t\t\t\t\t\t\t<\/div>\n\t\t\t\t\t<\/div>\n\t\t<\/section>\n\t\t\t\t<section class=\"elementor-section elementor-top-section elementor-element elementor-element-e6bf577 elementor-section-boxed elementor-section-height-default elementor-section-height-default ct-columns-alignment-fix\" data-id=\"e6bf577\" data-element_type=\"section\">\n\t\t\t\t\t\t<div class=\"elementor-container elementor-column-gap-default\">\n\t\t\t\t\t\t\t<div class=\"elementor-row\">\n\t\t\t\t\t<div class=\"elementor-column elementor-col-100 elementor-top-column elementor-element elementor-element-288f3bd\" data-id=\"288f3bd\" data-element_type=\"column\">\n\t\t\t<div class=\"elementor-column-wrap elementor-element-populated\">\n\t\t\t\t\t\t\t<div class=\"elementor-widget-wrap\">\n\t\t\t\t\t\t<div class=\"elementor-element elementor-element-abe41dc elementor-widget elementor-widget-wp-widget-text\" data-id=\"abe41dc\" data-element_type=\"widget\" data-widget_type=\"wp-widget-text.default\">\n\t\t\t\t<div class=\"elementor-widget-container\">\n\t\t\t\t\t\t<div class=\"textwidget\"><p>La Revista Trasdemar navegar\u00e1 en las aguas de la odisea, en la secci\u00f3n Tel\u00e9maco encontrar\u00e1n su lugar los textos de la alteridad, las migraciones y las alternativas, todas aquellas propuestas creativas de compromiso social y solidario, en favor de la paz, la ecolog\u00eda y los derechos humanos. La obra art\u00edstica es cortes\u00eda del polifac\u00e9tico creador y poeta cubano Yanier Hechavarr\u00eda Palao (Holgu\u00edn, 1981) <\/p>\n<\/div>\n\t\t\t\t<\/div>\n\t\t\t\t<\/div>\n\t\t\t\t\t\t<\/div>\n\t\t\t\t\t<\/div>\n\t\t<\/div>\n\t\t\t\t\t\t\t\t<\/div>\n\t\t\t\t\t<\/div>\n\t\t<\/section>\n\t\t\t\t<section class=\"elementor-section elementor-top-section elementor-element elementor-element-d8daa14 elementor-section-boxed elementor-section-height-default elementor-section-height-default ct-columns-alignment-fix\" data-id=\"d8daa14\" data-element_type=\"section\">\n\t\t\t\t\t\t<div class=\"elementor-container elementor-column-gap-default\">\n\t\t\t\t\t\t\t<div class=\"elementor-row\">\n\t\t\t\t\t<div class=\"elementor-column elementor-col-100 elementor-top-column elementor-element elementor-element-1a9a9c55\" data-id=\"1a9a9c55\" data-element_type=\"column\">\n\t\t\t<div class=\"elementor-column-wrap elementor-element-populated\">\n\t\t\t\t\t\t\t<div class=\"elementor-widget-wrap\">\n\t\t\t\t\t\t<div class=\"elementor-element elementor-element-de05cfb elementor-widget elementor-widget-text-editor\" data-id=\"de05cfb\" data-element_type=\"widget\" data-widget_type=\"text-editor.default\">\n\t\t\t\t<div class=\"elementor-widget-container\">\n\t\t\t\t\t<div class=\"elementor-text-editor elementor-clearfix\"><!-- wp:paragraph -->\n<p><a href=\"https:\/\/www.trasdemar.com\/home\/tag\/telemaco\">Ver m\u00e1s art\u00edculos relacionados<\/a><\/p>\n<!-- \/wp:paragraph --><\/div>\n\t\t\t\t<\/div>\n\t\t\t\t<\/div>\n\t\t\t\t\t\t<\/div>\n\t\t\t\t\t<\/div>\n\t\t<\/div>\n\t\t\t\t\t\t\t\t<\/div>\n\t\t\t\t\t<\/div>\n\t\t<\/section>\n\t\t\t\t\t\t<\/div>\n\t\t\t\t\t\t<\/div>\n\t\t\t\t\t<\/div>\n\t\t ","protected":false},"excerpt":{"rendered":"<p>Ver m\u00e1s art\u00edculos relacionados<\/p>\n","protected":false},"author":1,"featured_media":0,"parent":0,"menu_order":0,"comment_status":"closed","ping_status":"closed","template":"","meta":[],"blocksy_meta":"","yoast_head":"<!-- This site is optimized with the Yoast SEO plugin v15.5 - https:\/\/yoast.com\/wordpress\/plugins\/seo\/ -->\n<title>Tel\u00e9maco - trasdemar<\/title>\n<meta name=\"robots\" content=\"index, follow, max-snippet:-1, max-image-preview:large, max-video-preview:-1\" \/>\n<link rel=\"canonical\" href=\"https:\/\/www.trasdemar.com\/home\/telemaco\/\" \/>\n<meta property=\"og:locale\" content=\"es_ES\" \/>\n<meta property=\"og:type\" content=\"article\" \/>\n<meta property=\"og:title\" content=\"Tel\u00e9maco - trasdemar\" \/>\n<meta property=\"og:description\" content=\"Ver m\u00e1s art\u00edculos relacionados\" \/>\n<meta property=\"og:url\" content=\"https:\/\/www.trasdemar.com\/home\/telemaco\/\" \/>\n<meta property=\"og:site_name\" content=\"trasdemar\" \/>\n<meta property=\"article:modified_time\" content=\"2020-09-23T21:35:44+00:00\" \/>\n<meta property=\"og:image\" content=\"http:\/\/www.trasdemar.com\/home\/wp-content\/uploads\/2020\/09\/Tele\u0301maco.jpg\" \/>\n<meta name=\"twitter:card\" content=\"summary_large_image\" \/>\n<meta name=\"twitter:label1\" content=\"Tiempo de lectura\">\n\t<meta name=\"twitter:data1\" content=\"0 minutos\">\n<script type=\"application\/ld+json\" class=\"yoast-schema-graph\">{\"@context\":\"https:\/\/schema.org\",\"@graph\":[{\"@type\":\"WebSite\",\"@id\":\"http:\/\/www.trasdemar.com\/home\/#website\",\"url\":\"http:\/\/www.trasdemar.com\/home\/\",\"name\":\"trasdemar\",\"description\":\"Revista digital de Literaturas Insulares\",\"potentialAction\":[{\"@type\":\"SearchAction\",\"target\":\"http:\/\/www.trasdemar.com\/home\/?s={search_term_string}\",\"query-input\":\"required name=search_term_string\"}],\"inLanguage\":\"es\"},{\"@type\":\"ImageObject\",\"@id\":\"https:\/\/www.trasdemar.com\/home\/telemaco\/#primaryimage\",\"inLanguage\":\"es\",\"url\":\"http:\/\/www.trasdemar.com\/home\/wp-content\/uploads\/2020\/09\/Tele\\u0301maco.jpg\"},{\"@type\":\"WebPage\",\"@id\":\"https:\/\/www.trasdemar.com\/home\/telemaco\/#webpage\",\"url\":\"https:\/\/www.trasdemar.com\/home\/telemaco\/\",\"name\":\"Tel\\u00e9maco - trasdemar\",\"isPartOf\":{\"@id\":\"http:\/\/www.trasdemar.com\/home\/#website\"},\"primaryImageOfPage\":{\"@id\":\"https:\/\/www.trasdemar.com\/home\/telemaco\/#primaryimage\"},\"datePublished\":\"2020-09-07T23:29:29+00:00\",\"dateModified\":\"2020-09-23T21:35:44+00:00\",\"inLanguage\":\"es\",\"potentialAction\":[{\"@type\":\"ReadAction\",\"target\":[\"https:\/\/www.trasdemar.com\/home\/telemaco\/\"]}]}]}<\/script>\n<!-- \/ Yoast SEO plugin. -->","_links":{"self":[{"href":"https:\/\/www.trasdemar.com\/home\/wp-json\/wp\/v2\/pages\/704"}],"collection":[{"href":"https:\/\/www.trasdemar.com\/home\/wp-json\/wp\/v2\/pages"}],"about":[{"href":"https:\/\/www.trasdemar.com\/home\/wp-json\/wp\/v2\/types\/page"}],"author":[{"embeddable":true,"href":"https:\/\/www.trasdemar.com\/home\/wp-json\/wp\/v2\/users\/1"}],"replies":[{"embeddable":true,"href":"https:\/\/www.trasdemar.com\/home\/wp-json\/wp\/v2\/comments?post=704"}],"version-history":[{"count":5,"href":"https:\/\/www.trasdemar.com\/home\/wp-json\/wp\/v2\/pages\/704\/revisions"}],"predecessor-version":[{"id":940,"href":"https:\/\/www.trasdemar.com\/home\/wp-json\/wp\/v2\/pages\/704\/revisions\/940"}],"wp:attachment":[{"href":"https:\/\/www.trasdemar.com\/home\/wp-json\/wp\/v2\/media?parent=704"}],"curies":[{"name":"wp","href":"https:\/\/api.w.org\/{rel}","templated":true}]}}